{"id":13174,"date":"2023-09-07T18:45:54","date_gmt":"2023-09-07T18:45:54","guid":{"rendered":"https:\/\/ghilane.mu\/?page_id=13174"},"modified":"2023-09-07T18:58:33","modified_gmt":"2023-09-07T18:58:33","slug":"understanding-vanilla","status":"publish","type":"page","link":"https:\/\/ghilane.mu\/fr\/understanding-vanilla\/","title":{"rendered":"Comprendre la Vanille"},"content":{"rendered":"<div data-elementor-type=\"wp-post\" data-elementor-id=\"13174\" class=\"elementor elementor-13174\">\n\t\t\t\t\t\t<section class=\"elementor-section elementor-top-section elementor-element elementor-element-4f1c5b9 elementor-section-boxed elementor-section-height-default elementor-section-height-default\" data-id=\"4f1c5b9\" data-element_type=\"section\">\n\t\t\t\t\t\t<div class=\"elementor-container elementor-column-gap-default\">\n\t\t\t\t\t<div class=\"elementor-column elementor-col-100 elementor-top-column elementor-element elementor-element-f2b6c82 top column-style-top\" data-id=\"f2b6c82\" data-element_type=\"column\">\n\t\t\t<div class=\"elementor-widget-wrap elementor-element-populated\">\n\t\t\t\t\t\t<div class=\"elementor-element elementor-element-263d37a elementor-widget elementor-widget-image\" data-id=\"263d37a\" data-element_type=\"widget\" data-widget_type=\"image.default\">\n\t\t\t\t<div class=\"elementor-widget-container\">\n\t\t\t\t\t\t\t\t\t\t\t\t\t<img fetchpriority=\"high\" decoding=\"async\" width=\"1170\" height=\"570\" src=\"https:\/\/ghilane.mu\/wp-content\/uploads\/2023\/09\/Origins-Vanilla-Pods-Ghilane-Beans-Mauritius-Madagascar-Cultivation-Pure_Natural.jpg\" class=\"attachment-full size-full wp-image-13175\" alt=\"Origins-Vanilla-Pods-Ghilane-Beans-Mauritius-Madagascar-Cultivation-Pure_Natural\" srcset=\"https:\/\/ghilane.mu\/wp-content\/uploads\/2023\/09\/Origins-Vanilla-Pods-Ghilane-Beans-Mauritius-Madagascar-Cultivation-Pure_Natural.jpg 1170w, https:\/\/ghilane.mu\/wp-content\/uploads\/2023\/09\/Origins-Vanilla-Pods-Ghilane-Beans-Mauritius-Madagascar-Cultivation-Pure_Natural-600x292.jpg 600w, https:\/\/ghilane.mu\/wp-content\/uploads\/2023\/09\/Origins-Vanilla-Pods-Ghilane-Beans-Mauritius-Madagascar-Cultivation-Pure_Natural-1024x499.jpg 1024w, https:\/\/ghilane.mu\/wp-content\/uploads\/2023\/09\/Origins-Vanilla-Pods-Ghilane-Beans-Mauritius-Madagascar-Cultivation-Pure_Natural-768x374.jpg 768w\" sizes=\"(max-width: 1170px) 100vw, 1170px\" \/>\t\t\t\t\t\t\t\t\t\t\t\t\t<\/div>\n\t\t\t\t<\/div>\n\t\t\t\t\t<\/div>\n\t\t<\/div>\n\t\t\t\t\t<\/div>\n\t\t<\/section>\n\t\t\t\t<section class=\"elementor-section elementor-top-section elementor-element elementor-element-3970052 elementor-section-boxed elementor-section-height-default elementor-section-height-default\" data-id=\"3970052\" data-element_type=\"section\">\n\t\t\t\t\t\t<div class=\"elementor-container elementor-column-gap-default\">\n\t\t\t\t\t<div class=\"elementor-column elementor-col-100 elementor-top-column elementor-element elementor-element-02bceb8 top column-style-top\" data-id=\"02bceb8\" data-element_type=\"column\">\n\t\t\t<div class=\"elementor-widget-wrap elementor-element-populated\">\n\t\t\t\t\t\t<section class=\"elementor-section elementor-inner-section elementor-element elementor-element-475d203 elementor-section-boxed elementor-section-height-default elementor-section-height-default\" data-id=\"475d203\" data-element_type=\"section\">\n\t\t\t\t\t\t<div class=\"elementor-container elementor-column-gap-default\">\n\t\t\t\t\t<div class=\"elementor-column elementor-col-50 elementor-inner-column elementor-element elementor-element-628e2ff top column-style-top\" data-id=\"628e2ff\" data-element_type=\"column\">\n\t\t\t<div class=\"elementor-widget-wrap elementor-element-populated\">\n\t\t\t\t\t\t<div class=\"elementor-element elementor-element-c74fd6e elementor-widget elementor-widget-gva-heading-block\" data-id=\"c74fd6e\" data-element_type=\"widget\" data-widget_type=\"gva-heading-block.default\">\n\t\t\t\t<div class=\"elementor-widget-container\">\n\t\t\t<div class=\"gva-element-gva-heading-block gva-element\">   <div class=\"align-left style-1 widget gsc-heading box-align-left\">\r\n      <div class=\"content-inner\">\r\n         \r\n                  \r\n           \r\n         \r\n                     <h2 class=\"title\">\r\n               <span>Les Origines <br>de la Vanille<\/span>\r\n            <\/h2>\r\n                  \r\n         \r\n      <\/div>\r\n   <\/div>\r\n   <div class=\"clearfix\"><\/div>\r\n<\/div>\t\t<\/div>\n\t\t\t\t<\/div>\n\t\t\t\t\t<\/div>\n\t\t<\/div>\n\t\t\t\t<div class=\"elementor-column elementor-col-50 elementor-inner-column elementor-element elementor-element-2d581ff top column-style-top\" data-id=\"2d581ff\" data-element_type=\"column\">\n\t\t\t<div class=\"elementor-widget-wrap elementor-element-populated\">\n\t\t\t\t\t\t<div class=\"elementor-element elementor-element-ce25adc elementor-widget elementor-widget-text-editor\" data-id=\"ce25adc\" data-element_type=\"widget\" data-widget_type=\"text-editor.default\">\n\t\t\t\t<div class=\"elementor-widget-container\">\n\t\t\t\t\t\t\t<p>Les Azt\u00e8ques sont connus pour \u00eatre les premiers producteurs de plants de vanille appartenant \u00e0 la cat\u00e9gorie des orchid\u00e9es. Les conquistadors ont exp\u00e9di\u00e9 des plantations en Espagne au 16\u00e8me si\u00e8cle et au 18\u00e8me si\u00e8cle, diverses \u00eeles comme Maurice, Madagascar, la R\u00e9union, les Comores, les Seychelles et l'Indon\u00e9sie ont eu le privil\u00e8ge de faire cultiver des fermes de vanille par les colonisateurs.<\/p>\t\t\t\t\t\t<\/div>\n\t\t\t\t<\/div>\n\t\t\t\t\t<\/div>\n\t\t<\/div>\n\t\t\t\t\t<\/div>\n\t\t<\/section>\n\t\t\t\t<section class=\"elementor-section elementor-inner-section elementor-element elementor-element-a300fc7 elementor-section-boxed elementor-section-height-default elementor-section-height-default\" data-id=\"a300fc7\" data-element_type=\"section\">\n\t\t\t\t\t\t<div class=\"elementor-container elementor-column-gap-default\">\n\t\t\t\t\t<div class=\"elementor-column elementor-col-100 elementor-inner-column elementor-element elementor-element-7db1ee2 top column-style-top\" data-id=\"7db1ee2\" data-element_type=\"column\">\n\t\t\t<div class=\"elementor-widget-wrap elementor-element-populated\">\n\t\t\t\t\t\t<div class=\"elementor-element elementor-element-c02c0df elementor-widget elementor-widget-text-editor\" data-id=\"c02c0df\" data-element_type=\"widget\" data-widget_type=\"text-editor.default\">\n\t\t\t\t<div class=\"elementor-widget-container\">\n\t\t\t\t\t\t\t<p>La vanille est traditionnellement pollinis\u00e9e par une abeille unique et est maintenant de plus en plus crois\u00e9e \u00e0 la main, ce qui en fait une culture exigeant beaucoup de main-d\u2019\u0153uvre. Alors que certains pays ont d\u00e9laiss\u00e9 la production de cultures \u00e0 forte intensit\u00e9 de main-d'\u0153uvre, la culture de la vanille est maintenant fortement concentr\u00e9e \u00e0 Madagascar avec environ 70% de la production mondiale.<\/p><p>La vanille est une liane. Elle n\u00e9cessite une culture partielle \u00e0 l'ombre, avec certaines conditions de temp\u00e9rature et d'humidit\u00e9 mieux offertes par les pays tropicaux. Cette plante ne peut pas survivre auglaciation.<\/p>\t\t\t\t\t\t<\/div>\n\t\t\t\t<\/div>\n\t\t\t\t<div class=\"elementor-element elementor-element-39b1b7e elementor-widget elementor-widget-gva-heading-block\" data-id=\"39b1b7e\" data-element_type=\"widget\" data-widget_type=\"gva-heading-block.default\">\n\t\t\t\t<div class=\"elementor-widget-container\">\n\t\t\t<div class=\"gva-element-gva-heading-block gva-element\">   <div class=\"align-center style-1 widget gsc-heading box-align-left\">\r\n      <div class=\"content-inner\">\r\n         \r\n                  \r\n           \r\n         \r\n                              <div class=\"title-desc\">La gousse de vanille (le fruit) mesure g\u00e9n\u00e9ralement 10 \u00e0 25 cm de long, sachant qu\u2019il n\u2019existe pas deux f\u00e8ves identiques et qu\u2019elles ont une largeur d\u2019environ 8 \u00e0 15 mm. Il est vert et jaune verd\u00e2tre \u00e0 maturit\u00e9 (temps de recolte) et de noir fonc\u00e9 \u00e0 l\u00e9g\u00e8rement rouge\u00e2tre apr\u00e8s traitement.<\/div>\r\n         \r\n         \r\n      <\/div>\r\n   <\/div>\r\n   <div class=\"clearfix\"><\/div>\r\n<\/div>\t\t<\/div>\n\t\t\t\t<\/div>\n\t\t\t\t\t<\/div>\n\t\t<\/div>\n\t\t\t\t\t<\/div>\n\t\t<\/section>\n\t\t\t\t\t<\/div>\n\t\t<\/div>\n\t\t\t\t\t<\/div>\n\t\t<\/section>\n\t\t\t\t<section class=\"elementor-section elementor-top-section elementor-element elementor-element-81bdde1 elementor-section-boxed elementor-section-height-default elementor-section-height-default\" data-id=\"81bdde1\" data-element_type=\"section\">\n\t\t\t\t\t\t<div class=\"elementor-container elementor-column-gap-default\">\n\t\t\t\t\t<div class=\"elementor-column elementor-col-25 elementor-top-column elementor-element elementor-element-bbccb12 top column-style-top\" data-id=\"bbccb12\" data-element_type=\"column\">\n\t\t\t<div class=\"elementor-widget-wrap elementor-element-populated\">\n\t\t\t\t\t\t<div class=\"elementor-element elementor-element-bae0630 elementor-widget elementor-widget-image\" data-id=\"bae0630\" data-element_type=\"widget\" data-widget_type=\"image.default\">\n\t\t\t\t<div class=\"elementor-widget-container\">\n\t\t\t\t\t\t\t\t\t\t\t\t\t<img decoding=\"async\" width=\"1600\" height=\"1504\" src=\"https:\/\/ghilane.mu\/wp-content\/uploads\/2023\/09\/Origins-Vanilla-Pods-Ghilane-Beans-Mauritius-Madagascar-Cultivation-Natural_Pure.jpg\" class=\"attachment-full size-full wp-image-13176\" alt=\"Origins-Vanilla-Pods-Ghilane-Beans-Mauritius-Madagascar-Cultivation-Natural_Pure\" srcset=\"https:\/\/ghilane.mu\/wp-content\/uploads\/2023\/09\/Origins-Vanilla-Pods-Ghilane-Beans-Mauritius-Madagascar-Cultivation-Natural_Pure.jpg 1600w, https:\/\/ghilane.mu\/wp-content\/uploads\/2023\/09\/Origins-Vanilla-Pods-Ghilane-Beans-Mauritius-Madagascar-Cultivation-Natural_Pure-600x564.jpg 600w, https:\/\/ghilane.mu\/wp-content\/uploads\/2023\/09\/Origins-Vanilla-Pods-Ghilane-Beans-Mauritius-Madagascar-Cultivation-Natural_Pure-1024x963.jpg 1024w, https:\/\/ghilane.mu\/wp-content\/uploads\/2023\/09\/Origins-Vanilla-Pods-Ghilane-Beans-Mauritius-Madagascar-Cultivation-Natural_Pure-768x722.jpg 768w\" sizes=\"(max-width: 1600px) 100vw, 1600px\" \/>\t\t\t\t\t\t\t\t\t\t\t\t\t<\/div>\n\t\t\t\t<\/div>\n\t\t\t\t<div class=\"elementor-element elementor-element-0720da0 elementor-widget elementor-widget-image\" data-id=\"0720da0\" data-element_type=\"widget\" data-widget_type=\"image.default\">\n\t\t\t\t<div class=\"elementor-widget-container\">\n\t\t\t\t\t\t\t\t\t\t\t\t\t<img decoding=\"async\" width=\"468\" height=\"351\" src=\"https:\/\/ghilane.mu\/wp-content\/uploads\/2023\/09\/Origins-Vanilla-Pods-Ghilane-Beans-Mauritius-Madagascar-Cultivation-Pure_Natural_green.jpg\" class=\"attachment-full size-full wp-image-13177\" alt=\"Origins-Vanilla-Pods-Ghilane-Beans-Mauritius-Madagascar-Cultivation-Pure_Natural_green\" \/>\t\t\t\t\t\t\t\t\t\t\t\t\t<\/div>\n\t\t\t\t<\/div>\n\t\t\t\t\t<\/div>\n\t\t<\/div>\n\t\t\t\t<div class=\"elementor-column elementor-col-25 elementor-top-column elementor-element elementor-element-a583de3 top column-style-top\" data-id=\"a583de3\" data-element_type=\"column\" data-settings=\"{&quot;background_background&quot;:&quot;classic&quot;}\">\n\t\t\t<div class=\"elementor-widget-wrap elementor-element-populated\">\n\t\t\t\t\t\t<div class=\"elementor-element elementor-element-cf6f4ed elementor-widget elementor-widget-spacer\" data-id=\"cf6f4ed\" data-element_type=\"widget\" data-widget_type=\"spacer.default\">\n\t\t\t\t<div class=\"elementor-widget-container\">\n\t\t\t\t\t<div class=\"elementor-spacer\">\n\t\t\t<div class=\"elementor-spacer-inner\"><\/div>\n\t\t<\/div>\n\t\t\t\t<\/div>\n\t\t\t\t<\/div>\n\t\t\t\t\t<\/div>\n\t\t<\/div>\n\t\t\t\t<div class=\"elementor-column elementor-col-50 elementor-top-column elementor-element elementor-element-a313459 top column-style-top\" data-id=\"a313459\" data-element_type=\"column\">\n\t\t\t<div class=\"elementor-widget-wrap elementor-element-populated\">\n\t\t\t\t\t\t<div class=\"elementor-element elementor-element-9cfe79e elementor-widget__width-initial elementor-widget elementor-widget-gva-heading-block\" data-id=\"9cfe79e\" data-element_type=\"widget\" data-widget_type=\"gva-heading-block.default\">\n\t\t\t\t<div class=\"elementor-widget-container\">\n\t\t\t<div class=\"gva-element-gva-heading-block gva-element\">   <div class=\"align-left style-1 widget gsc-heading box-align-left\">\r\n      <div class=\"content-inner\">\r\n         \r\n                  \r\n           \r\n         \r\n                              <div class=\"title-desc\">L'\u00e9l\u00e9ment le plus important de la gousse de vanille (tige) est la teneur en vanilline, \u00e9galement appel\u00e9e ol\u00e9or\u00e9sine, qui varie entre 1,5% et 3,5% par gousse.\n\n<\/div>\r\n         \r\n         \r\n      <\/div>\r\n   <\/div>\r\n   <div class=\"clearfix\"><\/div>\r\n<\/div>\t\t<\/div>\n\t\t\t\t<\/div>\n\t\t\t\t<div class=\"elementor-element elementor-element-cd024e6 elementor-widget__width-initial elementor-widget elementor-widget-gva-heading-block\" data-id=\"cd024e6\" data-element_type=\"widget\" data-widget_type=\"gva-heading-block.default\">\n\t\t\t\t<div class=\"elementor-widget-container\">\n\t\t\t<div class=\"gva-element-gva-heading-block gva-element\">   <div class=\"align-left style-1 widget gsc-heading box-align-left\">\r\n      <div class=\"content-inner\">\r\n         \r\n                  \r\n           \r\n         \r\n                              <div class=\"title-desc\">Nos \u00e9tapes de traitement sont toutes naturelles et nous n'utilisons pas de s\u00e9chage au four ni m\u00eame de vanille artificielle. Nos produits finis sont test\u00e9s en laboratoire et nous fournissons des certificats d\u00fbment authentifi\u00e9s \u00e0 nos acheteurs\n\n\n<\/div>\r\n         \r\n         \r\n      <\/div>\r\n   <\/div>\r\n   <div class=\"clearfix\"><\/div>\r\n<\/div>\t\t<\/div>\n\t\t\t\t<\/div>\n\t\t\t\t\t<\/div>\n\t\t<\/div>\n\t\t\t\t\t<\/div>\n\t\t<\/section>\n\t\t\t\t<\/div>","protected":false},"excerpt":{"rendered":"<p>Origins of Vanilla The Aztecs are known to be the first producers of vanilla plants which fall into the category of orchids. The conquistadors shipped some plantations to Spain in the 16th century and in the 18thcentury, various islands like Mauritius, Madagascar, Reunion, Comoros, Seychelles and Indonesia were privileged to have vanilla farms cultivated by [&hellip;]<\/p>","protected":false},"author":1,"featured_media":0,"parent":0,"menu_order":0,"comment_status":"closed","ping_status":"closed","template":"","meta":{"footnotes":""},"class_list":["post-13174","page","type-page","status-publish","hentry"],"_links":{"self":[{"href":"https:\/\/ghilane.mu\/fr\/wp-json\/wp\/v2\/pages\/13174","targetHints":{"allow":["GET"]}}],"collection":[{"href":"https:\/\/ghilane.mu\/fr\/wp-json\/wp\/v2\/pages"}],"about":[{"href":"https:\/\/ghilane.mu\/fr\/wp-json\/wp\/v2\/types\/page"}],"author":[{"embeddable":true,"href":"https:\/\/ghilane.mu\/fr\/wp-json\/wp\/v2\/users\/1"}],"replies":[{"embeddable":true,"href":"https:\/\/ghilane.mu\/fr\/wp-json\/wp\/v2\/comments?post=13174"}],"version-history":[{"count":3,"href":"https:\/\/ghilane.mu\/fr\/wp-json\/wp\/v2\/pages\/13174\/revisions"}],"predecessor-version":[{"id":13181,"href":"https:\/\/ghilane.mu\/fr\/wp-json\/wp\/v2\/pages\/13174\/revisions\/13181"}],"wp:attachment":[{"href":"https:\/\/ghilane.mu\/fr\/wp-json\/wp\/v2\/media?parent=13174"}],"curies":[{"name":"wp","href":"https:\/\/api.w.org\/{rel}","templated":true}]}}