{"id":13150,"date":"2023-09-07T18:06:59","date_gmt":"2023-09-07T18:06:59","guid":{"rendered":"https:\/\/ghilane.mu\/?page_id=13150"},"modified":"2023-09-07T18:12:24","modified_gmt":"2023-09-07T18:12:24","slug":"our-offer","status":"publish","type":"page","link":"https:\/\/ghilane.mu\/fr\/our-offer\/","title":{"rendered":"Nos Offres"},"content":{"rendered":"<div data-elementor-type=\"wp-post\" data-elementor-id=\"13150\" class=\"elementor elementor-13150\">\n\t\t\t\t\t\t<section class=\"elementor-section elementor-top-section elementor-element elementor-element-1c672db elementor-section-boxed elementor-section-height-default elementor-section-height-default\" data-id=\"1c672db\" data-element_type=\"section\" data-settings=\"{&quot;background_background&quot;:&quot;classic&quot;}\">\n\t\t\t\t\t\t<div class=\"elementor-container elementor-column-gap-default\">\n\t\t\t\t\t<div class=\"elementor-column elementor-col-100 elementor-top-column elementor-element elementor-element-0165fe9 top column-style-top\" data-id=\"0165fe9\" data-element_type=\"column\">\n\t\t\t<div class=\"elementor-widget-wrap elementor-element-populated\">\n\t\t\t\t\t\t<div class=\"elementor-element elementor-element-30a61c6 elementor-widget elementor-widget-gva-heading-block\" data-id=\"30a61c6\" data-element_type=\"widget\" data-widget_type=\"gva-heading-block.default\">\n\t\t\t\t<div class=\"elementor-widget-container\">\n\t\t\t<div class=\"gva-element-gva-heading-block gva-element\">   <div class=\"align-center style-1 widget gsc-heading box-align-center\">\r\n      <div class=\"content-inner\">\r\n         \r\n                  \r\n                     <div class=\"clearfix\"><div class=\"sub-title\"><span>\u00c0 PROPOS DE GHILANE CO. LTD<\/span><\/div><\/div>\r\n           \r\n         \r\n                     <h2 class=\"title\">\r\n               <span>Ce que nous offrons<\/span>\r\n            <\/h2>\r\n                  \r\n         \r\n      <\/div>\r\n   <\/div>\r\n   <div class=\"clearfix\"><\/div>\r\n<\/div>\t\t<\/div>\n\t\t\t\t<\/div>\n\t\t\t\t<div class=\"elementor-element elementor-element-b34e6d2 elementor-widget elementor-widget-text-editor\" data-id=\"b34e6d2\" data-element_type=\"widget\" data-widget_type=\"text-editor.default\">\n\t\t\t\t<div class=\"elementor-widget-container\">\n\t\t\t\t\t\t\t<p>Des vanilles verts au produit fini, Ghilane Co Ltd contr\u00f4le tout le processus d'approvisionnement jusqu'\u00e0 l'exp\u00e9dition finale vers la destination souhait\u00e9e<\/p><p>La Soci\u00e9t\u00e9 propose des services complets d\u2019import \/ export de vanille ainsi que des services de conseil en inventaire et comprend:<\/p>\t\t\t\t\t\t<\/div>\n\t\t\t\t<\/div>\n\t\t\t\t<section class=\"elementor-section elementor-inner-section elementor-element elementor-element-d15ba77 elementor-section-boxed elementor-section-height-default elementor-section-height-default\" data-id=\"d15ba77\" data-element_type=\"section\">\n\t\t\t\t\t\t<div class=\"elementor-container elementor-column-gap-default\">\n\t\t\t\t\t<div class=\"elementor-column elementor-col-50 elementor-inner-column elementor-element elementor-element-4a8322c top column-style-top\" data-id=\"4a8322c\" data-element_type=\"column\">\n\t\t\t<div class=\"elementor-widget-wrap elementor-element-populated\">\n\t\t\t\t\t\t<div class=\"elementor-element elementor-element-6d96362 elementor-widget elementor-widget-spacer\" data-id=\"6d96362\" data-element_type=\"widget\" data-widget_type=\"spacer.default\">\n\t\t\t\t<div class=\"elementor-widget-container\">\n\t\t\t\t\t<div class=\"elementor-spacer\">\n\t\t\t<div class=\"elementor-spacer-inner\"><\/div>\n\t\t<\/div>\n\t\t\t\t<\/div>\n\t\t\t\t<\/div>\n\t\t\t\t<div class=\"elementor-element elementor-element-fe9e982 elementor-widget elementor-widget-heading\" data-id=\"fe9e982\" data-element_type=\"widget\" data-widget_type=\"heading.default\">\n\t\t\t\t<div class=\"elementor-widget-container\">\n\t\t\t<h2 class=\"elementor-heading-title elementor-size-default\">ON CULTIVE<\/h2>\t\t<\/div>\n\t\t\t\t<\/div>\n\t\t\t\t\t<\/div>\n\t\t<\/div>\n\t\t\t\t<div class=\"elementor-column elementor-col-50 elementor-inner-column elementor-element elementor-element-0d506d6 top column-style-top\" data-id=\"0d506d6\" data-element_type=\"column\">\n\t\t\t<div class=\"elementor-widget-wrap elementor-element-populated\">\n\t\t\t\t\t\t<div class=\"elementor-element elementor-element-d1f0397 elementor-widget elementor-widget-image\" data-id=\"d1f0397\" data-element_type=\"widget\" data-widget_type=\"image.default\">\n\t\t\t\t<div class=\"elementor-widget-container\">\n\t\t\t\t\t\t\t\t\t\t\t\t\t<img fetchpriority=\"high\" decoding=\"async\" width=\"678\" height=\"529\" src=\"https:\/\/ghilane.mu\/wp-content\/uploads\/2023\/09\/Nurture_Collect_Vanilla_Beans_Pods_Mauritius-Madagascar.png\" class=\"attachment-large size-large wp-image-13154\" alt=\"Nurture_Collect_Vanilla_Beans_Pods_Mauritius-Madagascar\" srcset=\"https:\/\/ghilane.mu\/wp-content\/uploads\/2023\/09\/Nurture_Collect_Vanilla_Beans_Pods_Mauritius-Madagascar.png 678w, https:\/\/ghilane.mu\/wp-content\/uploads\/2023\/09\/Nurture_Collect_Vanilla_Beans_Pods_Mauritius-Madagascar-600x468.png 600w\" sizes=\"(max-width: 678px) 100vw, 678px\" \/>\t\t\t\t\t\t\t\t\t\t\t\t\t<\/div>\n\t\t\t\t<\/div>\n\t\t\t\t\t<\/div>\n\t\t<\/div>\n\t\t\t\t\t<\/div>\n\t\t<\/section>\n\t\t\t\t<section class=\"elementor-section elementor-inner-section elementor-element elementor-element-be845ab elementor-section-boxed elementor-section-height-default elementor-section-height-default\" data-id=\"be845ab\" data-element_type=\"section\">\n\t\t\t\t\t\t<div class=\"elementor-container elementor-column-gap-default\">\n\t\t\t\t\t<div class=\"elementor-column elementor-col-50 elementor-inner-column elementor-element elementor-element-65c674a top column-style-top\" data-id=\"65c674a\" data-element_type=\"column\">\n\t\t\t<div class=\"elementor-widget-wrap elementor-element-populated\">\n\t\t\t\t\t\t<div class=\"elementor-element elementor-element-515d497 elementor-widget elementor-widget-image\" data-id=\"515d497\" data-element_type=\"widget\" data-widget_type=\"image.default\">\n\t\t\t\t<div class=\"elementor-widget-container\">\n\t\t\t\t\t\t\t\t\t\t\t\t\t<img decoding=\"async\" width=\"678\" height=\"529\" src=\"https:\/\/ghilane.mu\/wp-content\/uploads\/2023\/09\/Collect_Vanilla_Beans_Pods_Mauritius-Madagascar.png\" class=\"attachment-large size-large wp-image-13153\" alt=\"Collect_Vanilla_Beans_Pods_Mauritius-Madagascar\" srcset=\"https:\/\/ghilane.mu\/wp-content\/uploads\/2023\/09\/Collect_Vanilla_Beans_Pods_Mauritius-Madagascar.png 678w, https:\/\/ghilane.mu\/wp-content\/uploads\/2023\/09\/Collect_Vanilla_Beans_Pods_Mauritius-Madagascar-600x468.png 600w\" sizes=\"(max-width: 678px) 100vw, 678px\" \/>\t\t\t\t\t\t\t\t\t\t\t\t\t<\/div>\n\t\t\t\t<\/div>\n\t\t\t\t\t<\/div>\n\t\t<\/div>\n\t\t\t\t<div class=\"elementor-column elementor-col-50 elementor-inner-column elementor-element elementor-element-068c026 top column-style-top\" data-id=\"068c026\" data-element_type=\"column\">\n\t\t\t<div class=\"elementor-widget-wrap elementor-element-populated\">\n\t\t\t\t\t\t<div class=\"elementor-element elementor-element-de940c0 elementor-widget elementor-widget-spacer\" data-id=\"de940c0\" data-element_type=\"widget\" data-widget_type=\"spacer.default\">\n\t\t\t\t<div class=\"elementor-widget-container\">\n\t\t\t\t\t<div class=\"elementor-spacer\">\n\t\t\t<div class=\"elementor-spacer-inner\"><\/div>\n\t\t<\/div>\n\t\t\t\t<\/div>\n\t\t\t\t<\/div>\n\t\t\t\t<div class=\"elementor-element elementor-element-ecf6b2a elementor-widget elementor-widget-heading\" data-id=\"ecf6b2a\" data-element_type=\"widget\" data-widget_type=\"heading.default\">\n\t\t\t\t<div class=\"elementor-widget-container\">\n\t\t\t<h2 class=\"elementor-heading-title elementor-size-default\">ON CONSOLIDE<\/h2>\t\t<\/div>\n\t\t\t\t<\/div>\n\t\t\t\t\t<\/div>\n\t\t<\/div>\n\t\t\t\t\t<\/div>\n\t\t<\/section>\n\t\t\t\t<section class=\"elementor-section elementor-inner-section elementor-element elementor-element-555a9b8 elementor-section-boxed elementor-section-height-default elementor-section-height-default\" data-id=\"555a9b8\" data-element_type=\"section\">\n\t\t\t\t\t\t<div class=\"elementor-container elementor-column-gap-default\">\n\t\t\t\t\t<div class=\"elementor-column elementor-col-50 elementor-inner-column elementor-element elementor-element-207ee10 top column-style-top\" data-id=\"207ee10\" data-element_type=\"column\">\n\t\t\t<div class=\"elementor-widget-wrap elementor-element-populated\">\n\t\t\t\t\t\t<div class=\"elementor-element elementor-element-242a89d elementor-widget elementor-widget-spacer\" data-id=\"242a89d\" data-element_type=\"widget\" data-widget_type=\"spacer.default\">\n\t\t\t\t<div class=\"elementor-widget-container\">\n\t\t\t\t\t<div class=\"elementor-spacer\">\n\t\t\t<div class=\"elementor-spacer-inner\"><\/div>\n\t\t<\/div>\n\t\t\t\t<\/div>\n\t\t\t\t<\/div>\n\t\t\t\t<div class=\"elementor-element elementor-element-a60e042 elementor-widget elementor-widget-heading\" data-id=\"a60e042\" data-element_type=\"widget\" data-widget_type=\"heading.default\">\n\t\t\t\t<div class=\"elementor-widget-container\">\n\t\t\t<h2 class=\"elementor-heading-title elementor-size-default\">NOUS TRAITONS<\/h2>\t\t<\/div>\n\t\t\t\t<\/div>\n\t\t\t\t\t<\/div>\n\t\t<\/div>\n\t\t\t\t<div class=\"elementor-column elementor-col-50 elementor-inner-column elementor-element elementor-element-945739d top column-style-top\" data-id=\"945739d\" data-element_type=\"column\">\n\t\t\t<div class=\"elementor-widget-wrap elementor-element-populated\">\n\t\t\t\t\t\t<div class=\"elementor-element elementor-element-5f551c5 elementor-widget elementor-widget-image\" data-id=\"5f551c5\" data-element_type=\"widget\" data-widget_type=\"image.default\">\n\t\t\t\t<div class=\"elementor-widget-container\">\n\t\t\t\t\t\t\t\t\t\t\t\t\t<img decoding=\"async\" width=\"678\" height=\"529\" src=\"https:\/\/ghilane.mu\/wp-content\/uploads\/2023\/09\/Process_Collect_Vanilla_Beans_Pods_Mauritius-Madagascar.png\" class=\"attachment-large size-large wp-image-13156\" alt=\"Process_Collect_Vanilla_Beans_Pods_Mauritius-Madagascar\" srcset=\"https:\/\/ghilane.mu\/wp-content\/uploads\/2023\/09\/Process_Collect_Vanilla_Beans_Pods_Mauritius-Madagascar.png 678w, https:\/\/ghilane.mu\/wp-content\/uploads\/2023\/09\/Process_Collect_Vanilla_Beans_Pods_Mauritius-Madagascar-600x468.png 600w\" sizes=\"(max-width: 678px) 100vw, 678px\" \/>\t\t\t\t\t\t\t\t\t\t\t\t\t<\/div>\n\t\t\t\t<\/div>\n\t\t\t\t\t<\/div>\n\t\t<\/div>\n\t\t\t\t\t<\/div>\n\t\t<\/section>\n\t\t\t\t<section class=\"elementor-section elementor-inner-section elementor-element elementor-element-36d15d9 elementor-section-boxed elementor-section-height-default elementor-section-height-default\" data-id=\"36d15d9\" data-element_type=\"section\">\n\t\t\t\t\t\t<div class=\"elementor-container elementor-column-gap-default\">\n\t\t\t\t\t<div class=\"elementor-column elementor-col-50 elementor-inner-column elementor-element elementor-element-085a772 top column-style-top\" data-id=\"085a772\" data-element_type=\"column\">\n\t\t\t<div class=\"elementor-widget-wrap elementor-element-populated\">\n\t\t\t\t\t\t<div class=\"elementor-element elementor-element-4ebb2a4 elementor-widget elementor-widget-image\" data-id=\"4ebb2a4\" data-element_type=\"widget\" data-widget_type=\"image.default\">\n\t\t\t\t<div class=\"elementor-widget-container\">\n\t\t\t\t\t\t\t\t\t\t\t\t\t<img loading=\"lazy\" decoding=\"async\" width=\"678\" height=\"529\" src=\"https:\/\/ghilane.mu\/wp-content\/uploads\/2023\/09\/Packing_Collect_Vanilla_Beans_Pods_Mauritius-Madagascar.png\" class=\"attachment-large size-large wp-image-13155\" alt=\"Packing_Collect_Vanilla_Beans_Pods_Mauritius-Madagascar\" srcset=\"https:\/\/ghilane.mu\/wp-content\/uploads\/2023\/09\/Packing_Collect_Vanilla_Beans_Pods_Mauritius-Madagascar.png 678w, https:\/\/ghilane.mu\/wp-content\/uploads\/2023\/09\/Packing_Collect_Vanilla_Beans_Pods_Mauritius-Madagascar-600x468.png 600w\" sizes=\"(max-width: 678px) 100vw, 678px\" \/>\t\t\t\t\t\t\t\t\t\t\t\t\t<\/div>\n\t\t\t\t<\/div>\n\t\t\t\t\t<\/div>\n\t\t<\/div>\n\t\t\t\t<div class=\"elementor-column elementor-col-50 elementor-inner-column elementor-element elementor-element-1b5e009 top column-style-top\" data-id=\"1b5e009\" data-element_type=\"column\">\n\t\t\t<div class=\"elementor-widget-wrap elementor-element-populated\">\n\t\t\t\t\t\t<div class=\"elementor-element elementor-element-2271e83 elementor-widget elementor-widget-spacer\" data-id=\"2271e83\" data-element_type=\"widget\" data-widget_type=\"spacer.default\">\n\t\t\t\t<div class=\"elementor-widget-container\">\n\t\t\t\t\t<div class=\"elementor-spacer\">\n\t\t\t<div class=\"elementor-spacer-inner\"><\/div>\n\t\t<\/div>\n\t\t\t\t<\/div>\n\t\t\t\t<\/div>\n\t\t\t\t<div class=\"elementor-element elementor-element-76cd2eb elementor-widget elementor-widget-heading\" data-id=\"76cd2eb\" data-element_type=\"widget\" data-widget_type=\"heading.default\">\n\t\t\t\t<div class=\"elementor-widget-container\">\n\t\t\t<h2 class=\"elementor-heading-title elementor-size-default\">NOUS EMBALLONS<\/h2>\t\t<\/div>\n\t\t\t\t<\/div>\n\t\t\t\t\t<\/div>\n\t\t<\/div>\n\t\t\t\t\t<\/div>\n\t\t<\/section>\n\t\t\t\t<section class=\"elementor-section elementor-inner-section elementor-element elementor-element-69b1251 elementor-section-boxed elementor-section-height-default elementor-section-height-default\" data-id=\"69b1251\" data-element_type=\"section\">\n\t\t\t\t\t\t<div class=\"elementor-container elementor-column-gap-default\">\n\t\t\t\t\t<div class=\"elementor-column elementor-col-50 elementor-inner-column elementor-element elementor-element-a810c91 top column-style-top\" data-id=\"a810c91\" data-element_type=\"column\">\n\t\t\t<div class=\"elementor-widget-wrap elementor-element-populated\">\n\t\t\t\t\t\t<div class=\"elementor-element elementor-element-39367e9 elementor-widget elementor-widget-spacer\" data-id=\"39367e9\" data-element_type=\"widget\" data-widget_type=\"spacer.default\">\n\t\t\t\t<div class=\"elementor-widget-container\">\n\t\t\t\t\t<div class=\"elementor-spacer\">\n\t\t\t<div class=\"elementor-spacer-inner\"><\/div>\n\t\t<\/div>\n\t\t\t\t<\/div>\n\t\t\t\t<\/div>\n\t\t\t\t<div class=\"elementor-element elementor-element-2052de7 elementor-widget elementor-widget-heading\" data-id=\"2052de7\" data-element_type=\"widget\" data-widget_type=\"heading.default\">\n\t\t\t\t<div class=\"elementor-widget-container\">\n\t\t\t<h2 class=\"elementor-heading-title elementor-size-default\">NOUS EXP\u00c9DIONS<\/h2>\t\t<\/div>\n\t\t\t\t<\/div>\n\t\t\t\t\t<\/div>\n\t\t<\/div>\n\t\t\t\t<div class=\"elementor-column elementor-col-50 elementor-inner-column elementor-element elementor-element-24023db top column-style-top\" data-id=\"24023db\" data-element_type=\"column\">\n\t\t\t<div class=\"elementor-widget-wrap elementor-element-populated\">\n\t\t\t\t\t\t<div class=\"elementor-element elementor-element-5369332 elementor-widget elementor-widget-image\" data-id=\"5369332\" data-element_type=\"widget\" data-widget_type=\"image.default\">\n\t\t\t\t<div class=\"elementor-widget-container\">\n\t\t\t\t\t\t\t\t\t\t\t\t\t<img loading=\"lazy\" decoding=\"async\" width=\"678\" height=\"529\" src=\"https:\/\/ghilane.mu\/wp-content\/uploads\/2023\/09\/Shipment_Collect_Vanilla_Beans_Pods_Mauritius-Madagascar.png\" class=\"attachment-large size-large wp-image-13157\" alt=\"Shipment_Collect_Vanilla_Beans_Pods_Mauritius-Madagascar\" srcset=\"https:\/\/ghilane.mu\/wp-content\/uploads\/2023\/09\/Shipment_Collect_Vanilla_Beans_Pods_Mauritius-Madagascar.png 678w, https:\/\/ghilane.mu\/wp-content\/uploads\/2023\/09\/Shipment_Collect_Vanilla_Beans_Pods_Mauritius-Madagascar-600x468.png 600w\" sizes=\"(max-width: 678px) 100vw, 678px\" \/>\t\t\t\t\t\t\t\t\t\t\t\t\t<\/div>\n\t\t\t\t<\/div>\n\t\t\t\t\t<\/div>\n\t\t<\/div>\n\t\t\t\t\t<\/div>\n\t\t<\/section>\n\t\t\t\t\t<\/div>\n\t\t<\/div>\n\t\t\t\t\t<\/div>\n\t\t<\/section>\n\t\t\t\t<section class=\"elementor-section elementor-top-section elementor-element elementor-element-4f89e68 bg-row-theme elementor-section-boxed elementor-section-height-default elementor-section-height-default\" data-id=\"4f89e68\" data-element_type=\"section\">\n\t\t\t\t\t\t<div class=\"elementor-container elementor-column-gap-default\">\n\t\t\t\t\t<div class=\"elementor-column elementor-col-100 elementor-top-column elementor-element elementor-element-47ae47d top column-style-top\" data-id=\"47ae47d\" data-element_type=\"column\">\n\t\t\t<div class=\"elementor-widget-wrap elementor-element-populated\">\n\t\t\t\t\t\t<div class=\"elementor-element elementor-element-40f50a9 elementor-widget elementor-widget-gva-call-to-action\" data-id=\"40f50a9\" data-element_type=\"widget\" data-widget_type=\"gva-call-to-action.default\">\n\t\t\t\t<div class=\"elementor-widget-container\">\n\t\t\t<div class=\"gva-element-gva-call-to-action gva-element\">\r\n   <div class=\"button-right widget gsc-call-to-action\">\r\n      <div class=\"content-inner clearfix\" >\r\n         <div class=\"cta-content\">\r\n                           <h2 class=\"title\">\r\n                  <span>Vous voulez en savoir plus sur nous?<\/span>\r\n               <\/h2>\r\n                                                   <div class=\"desc\">Nous sommes \u00e0 un clic...<\/div>\r\n                     <\/div>\r\n                     <div class=\"button-action\">\r\n                       <a href=\"mailto:info@ghilane.mu\" class=\"btn-cta btn-black\">\r\n          <span>Envoyez-nous un email<\/span>\r\n        <\/a>\r\n\r\n                    <\/div>\r\n               <\/div>\r\n   <\/div>\r\n<\/div>\t\t<\/div>\n\t\t\t\t<\/div>\n\t\t\t\t\t<\/div>\n\t\t<\/div>\n\t\t\t\t\t<\/div>\n\t\t<\/section>\n\t\t\t\t<\/div>","protected":false},"excerpt":{"rendered":"<p>About Ghilane Co. Ltd What we offer From mature green beans to the finished gourmet, Ghilane Co Ltd controls the whole process of sourcing till final shipment to your desired destination. The Company offers complete vanilla import\/export services together with inventory consulting facilities and includes: WE NURTURE WE COLLECT WE PROCESS WE PACK WE SHIP [&hellip;]<\/p>","protected":false},"author":1,"featured_media":0,"parent":0,"menu_order":0,"comment_status":"closed","ping_status":"closed","template":"","meta":{"footnotes":""},"class_list":["post-13150","page","type-page","status-publish","hentry"],"_links":{"self":[{"href":"https:\/\/ghilane.mu\/fr\/wp-json\/wp\/v2\/pages\/13150","targetHints":{"allow":["GET"]}}],"collection":[{"href":"https:\/\/ghilane.mu\/fr\/wp-json\/wp\/v2\/pages"}],"about":[{"href":"https:\/\/ghilane.mu\/fr\/wp-json\/wp\/v2\/types\/page"}],"author":[{"embeddable":true,"href":"https:\/\/ghilane.mu\/fr\/wp-json\/wp\/v2\/users\/1"}],"replies":[{"embeddable":true,"href":"https:\/\/ghilane.mu\/fr\/wp-json\/wp\/v2\/comments?post=13150"}],"version-history":[{"count":10,"href":"https:\/\/ghilane.mu\/fr\/wp-json\/wp\/v2\/pages\/13150\/revisions"}],"predecessor-version":[{"id":13173,"href":"https:\/\/ghilane.mu\/fr\/wp-json\/wp\/v2\/pages\/13150\/revisions\/13173"}],"wp:attachment":[{"href":"https:\/\/ghilane.mu\/fr\/wp-json\/wp\/v2\/media?parent=13150"}],"curies":[{"name":"wp","href":"https:\/\/api.w.org\/{rel}","templated":true}]}}